{"id":1369,"date":"2020-10-29T14:04:35","date_gmt":"2020-10-29T13:04:35","guid":{"rendered":"https:\/\/www.imcopex.com\/condiciones-de-uso\/"},"modified":"2021-08-12T08:49:46","modified_gmt":"2021-08-12T06:49:46","slug":"condiciones-de-uso","status":"publish","type":"page","link":"https:\/\/www.imcopex.com\/es\/condiciones-de-uso\/","title":{"rendered":"Condiciones de uso"},"content":{"rendered":"\t\t<div data-elementor-type=\"wp-page\" data-elementor-id=\"1369\" class=\"elementor elementor-1369 elementor-31\" data-elementor-post-type=\"page\">\n\t\t\t\t\t\t<section class=\"elementor-section elementor-top-section elementor-element elementor-element-cb739fd elementor-section-full_width elementor-section-height-default elementor-section-height-default\" data-id=\"cb739fd\" data-element_type=\"section\" data-e-type=\"section\">\n\t\t\t\t\t\t<div class=\"elementor-container elementor-column-gap-default\">\n\t\t\t\t\t<div class=\"elementor-column elementor-col-100 elementor-top-column elementor-element elementor-element-921c49c\" data-id=\"921c49c\" data-element_type=\"column\" data-e-type=\"column\">\n\t\t\t<div class=\"elementor-widget-wrap elementor-element-populated\">\n\t\t\t\t\t\t<div class=\"elementor-element elementor-element-85c9bfa elementor-widget elementor-widget-slider_revolution\" data-id=\"85c9bfa\" data-element_type=\"widget\" data-e-type=\"widget\" data-widget_type=\"slider_revolution.default\">\n\t\t\t\t<div class=\"elementor-widget-container\">\n\t\t\t\t\t\n\t\t<div class=\"wp-block-themepunch-revslider\">\n\t\t\t<!-- START \u00dcber uns REVOLUTION SLIDER 6.7.23 --><p class=\"rs-p-wp-fix\"><\/p>\n\t\t\t<rs-module-wrap id=\"rev_slider_4_1_wrapper\" data-source=\"gallery\" style=\"visibility:hidden;background:transparent;padding:0;margin:0px auto;margin-top:0;margin-bottom:0;\">\n\t\t\t\t<rs-module id=\"rev_slider_4_1\" style=\"\" data-version=\"6.7.23\">\n\t\t\t\t\t<rs-slides style=\"overflow: hidden; position: absolute;\">\n\t\t\t\t\t\t<rs-slide style=\"position: absolute;\" data-key=\"rs-4\" data-title=\"Slide\" data-anim=\"ms:1000;r:0;\" data-in=\"o:0;\" data-out=\"a:false;\">\n\t\t\t\t\t\t\t<img decoding=\"async\" src=\"\/\/www.imcopex.com\/wp-content\/plugins\/revslider\/sr6\/assets\/assets\/dummy.png\" alt=\"Slide\" title=\"Condiciones de uso\" class=\"rev-slidebg tp-rs-img rs-lazyload\" data-lazyload=\"\/\/www.imcopex.com\/wp-content\/plugins\/revslider\/sr6\/assets\/assets\/transparent.png\" data-no-retina>\n<!--\n\t\t\t\t\t\t\t--><rs-layer\n\t\t\t\t\t\t\t\tid=\"slider-4-slide-4-layer-0\" \n\t\t\t\t\t\t\t\tdata-type=\"image\"\n\t\t\t\t\t\t\t\tdata-rsp_ch=\"on\"\n\t\t\t\t\t\t\t\tdata-xy=\"xo:1px,1px,1px,-161px;yo:-2px,-2px,-2px,1px;\"\n\t\t\t\t\t\t\t\tdata-text=\"w:normal;s:20,20,20,4;l:0,0,0,6;\"\n\t\t\t\t\t\t\t\tdata-dim=\"w:1919px,1919px,1919px,960px;h:500px,500px,500px,250px;\"\n\t\t\t\t\t\t\t\tdata-frame_999=\"o:0;st:w;\"\n\t\t\t\t\t\t\t\tstyle=\"z-index:5;\"\n\t\t\t\t\t\t\t><img fetchpriority=\"high\" decoding=\"async\" src=\"\/\/www.imcopex.com\/wp-content\/plugins\/revslider\/sr6\/assets\/assets\/dummy.png\" alt=\"\" class=\"tp-rs-img rs-lazyload\" width=\"1920\" height=\"500\" data-lazyload=\"\/\/www.imcopex.com\/wp-content\/uploads\/2020\/08\/imcopex_gmbh.jpg\" data-no-retina> \n\t\t\t\t\t\t\t<\/rs-layer><!--\n-->\t\t\t\t\t<\/rs-slide>\n\t\t\t\t\t<\/rs-slides>\n\t\t\t\t<\/rs-module>\n\t\t\t\t<script>\n\t\t\t\t\tsetREVStartSize({c: 'rev_slider_4_1',rl:[1240,1240,1240,770],el:[500,500,500,250],gw:[1920,1920,1920,480],gh:[500,500,500,250],type:'standard',justify:'',layout:'fullwidth',mh:\"0\"});if (window.RS_MODULES!==undefined && window.RS_MODULES.modules!==undefined && window.RS_MODULES.modules[\"revslider41\"]!==undefined) {window.RS_MODULES.modules[\"revslider41\"].once = false;window.revapi4 = undefined;if (window.RS_MODULES.checkMinimal!==undefined) window.RS_MODULES.checkMinimal()}\n\t\t\t\t<\/script>\n\t\t\t<\/rs-module-wrap>\n\t\t\t<!-- END REVOLUTION SLIDER -->\n<\/div>\n\n\t\t\t\t\t\t<\/div>\n\t\t\t\t<\/div>\n\t\t\t\t\t<\/div>\n\t\t<\/div>\n\t\t\t\t\t<\/div>\n\t\t<\/section>\n\t\t\t\t<section class=\"elementor-section elementor-top-section elementor-element elementor-element-5eec93e elementor-section-boxed elementor-section-height-default elementor-section-height-default\" data-id=\"5eec93e\" data-element_type=\"section\" data-e-type=\"section\">\n\t\t\t\t\t\t<div class=\"elementor-container elementor-column-gap-default\">\n\t\t\t\t\t<div class=\"elementor-column elementor-col-100 elementor-top-column elementor-element elementor-element-1fed003\" data-id=\"1fed003\" data-element_type=\"column\" data-e-type=\"column\">\n\t\t\t<div class=\"elementor-widget-wrap elementor-element-populated\">\n\t\t\t\t\t\t<div class=\"elementor-element elementor-element-b5c1f98 elementor-widget elementor-widget-spacer\" data-id=\"b5c1f98\" data-element_type=\"widget\" data-e-type=\"widget\" data-widget_type=\"spacer.default\">\n\t\t\t\t<div class=\"elementor-widget-container\">\n\t\t\t\t\t\t\t<div class=\"elementor-spacer\">\n\t\t\t<div class=\"elementor-spacer-inner\"><\/div>\n\t\t<\/div>\n\t\t\t\t\t\t<\/div>\n\t\t\t\t<\/div>\n\t\t\t\t<div class=\"elementor-element elementor-element-c100790 elementor-widget elementor-widget-heading\" data-id=\"c100790\" data-element_type=\"widget\" data-e-type=\"widget\" data-widget_type=\"heading.default\">\n\t\t\t\t<div class=\"elementor-widget-container\">\n\t\t\t\t\t<h2 class=\"elementor-heading-title elementor-size-default\">Condiciones de uso<\/h2>\t\t\t\t<\/div>\n\t\t\t\t<\/div>\n\t\t\t\t\t<\/div>\n\t\t<\/div>\n\t\t\t\t\t<\/div>\n\t\t<\/section>\n\t\t\t\t<section class=\"elementor-section elementor-top-section elementor-element elementor-element-de3e657 elementor-section-boxed elementor-section-height-default elementor-section-height-default\" data-id=\"de3e657\" data-element_type=\"section\" data-e-type=\"section\">\n\t\t\t\t\t\t<div class=\"elementor-container elementor-column-gap-default\">\n\t\t\t\t\t<div class=\"elementor-column elementor-col-100 elementor-top-column elementor-element elementor-element-cc117e4\" data-id=\"cc117e4\" data-element_type=\"column\" data-e-type=\"column\">\n\t\t\t<div class=\"elementor-widget-wrap elementor-element-populated\">\n\t\t\t\t\t\t<div class=\"elementor-element elementor-element-ea726bf elementor-widget elementor-widget-text-editor\" data-id=\"ea726bf\" data-element_type=\"widget\" data-e-type=\"widget\" data-widget_type=\"text-editor.default\">\n\t\t\t\t<div class=\"elementor-widget-container\">\n\t\t\t\t\t\t\t\t\t<p>imcopex GmbH actualiza regularmente la informaci\u00f3n de sus p\u00e1ginas web. Sin embargo, a pesar de todo el cuidado puesto, los datos pueden haber cambiado mientras tanto. No asumimos ninguna responsabilidad o garant\u00eda por la actualidad, exactitud e integridad de la informaci\u00f3n proporcionada. <span style=\"font-size: 16px; color: var( --e-global-color-text );\">Lo mismo se aplica a todos los dem\u00e1s sitios web a los que se hace referencia mediante hiperv\u00ednculos. La empresa imcopex GmbH no se hace responsable del contenido de estas p\u00e1ginas.<\/span><\/p>\n<p><span style=\"font-size: 16px; color: var( --e-global-color-text );\"> <\/span><\/p>\n<p>La empresa imcopex GmbH es propietaria de los derechos de autor de sus p\u00e1ginas web con el dise\u00f1o y los contenidos, as\u00ed como de otros derechos de protecci\u00f3n, siempre que no se haga referencia especial a otros proveedores, fabricantes o propietarios de derechos de marca. Se proh\u00edbe la recuperaci\u00f3n, copia, almacenamiento, as\u00ed como el procesamiento y la reelaboraci\u00f3n de las p\u00e1ginas web, sus contenidos o resultados en su totalidad o en parte para su uso comercial. <span style=\"font-size: 16px; color: var( --e-global-color-text );\">Los avisos de derechos de autor y los nombres de marca no pueden ser cambiados ni eliminados. Todas las dem\u00e1s acciones requieren el consentimiento previo por escrito de imcopex GmbH.<\/span><\/p>\n<p>S\u00f3lo se podr\u00e1 acceder a la informaci\u00f3n de manera que no afecte a otros usuarios de la oferta en l\u00ednea de imcopex.<\/p>\n<\/p>\n<p>Nuestros sitios web pueden contener enlaces a los sitios web de otras empresas. No nos hacemos responsables del contenido ni de las precauciones de protecci\u00f3n de datos (v\u00e9ase tambi\u00e9n nuestra normativa de protecci\u00f3n de datos) de los sitios web externos a los que se puede acceder a trav\u00e9s de estos enlaces. Por favor, inf\u00f3rmese all\u00ed sobre <span style=\"font-size: 16px; color: var( --e-global-color-text );\">la protecci\u00f3n de datos.<\/span><\/p>\n\t\t\t\t\t\t\t\t<\/div>\n\t\t\t\t<\/div>\n\t\t\t\t<div class=\"elementor-element elementor-element-fda514c elementor-widget elementor-widget-spacer\" data-id=\"fda514c\" data-element_type=\"widget\" data-e-type=\"widget\" data-widget_type=\"spacer.default\">\n\t\t\t\t<div class=\"elementor-widget-container\">\n\t\t\t\t\t\t\t<div class=\"elementor-spacer\">\n\t\t\t<div class=\"elementor-spacer-inner\"><\/div>\n\t\t<\/div>\n\t\t\t\t\t\t<\/div>\n\t\t\t\t<\/div>\n\t\t\t\t\t<\/div>\n\t\t<\/div>\n\t\t\t\t\t<\/div>\n\t\t<\/section>\n\t\t\t\t<\/div>\n\t\t","protected":false},"excerpt":{"rendered":"<p>Condiciones de uso imcopex GmbH actualiza regularmente la informaci\u00f3n de sus p\u00e1ginas web. Sin embargo, a pesar de todo el cuidado puesto, los datos pueden haber cambiado mientras tanto. No asumimos ninguna responsabilidad o garant\u00eda por la actualidad, exactitud e integridad de la informaci\u00f3n proporcionada. Lo mismo se aplica a [&hellip;]<\/p>\n","protected":false},"author":1,"featured_media":0,"parent":0,"menu_order":0,"comment_status":"closed","ping_status":"closed","template":"elementor_header_footer","meta":{"footnotes":""},"class_list":["post-1369","page","type-page","status-publish","hentry"],"aioseo_notices":[],"_links":{"self":[{"href":"https:\/\/www.imcopex.com\/es\/wp-json\/wp\/v2\/pages\/1369","targetHints":{"allow":["GET"]}}],"collection":[{"href":"https:\/\/www.imcopex.com\/es\/wp-json\/wp\/v2\/pages"}],"about":[{"href":"https:\/\/www.imcopex.com\/es\/wp-json\/wp\/v2\/types\/page"}],"author":[{"embeddable":true,"href":"https:\/\/www.imcopex.com\/es\/wp-json\/wp\/v2\/users\/1"}],"replies":[{"embeddable":true,"href":"https:\/\/www.imcopex.com\/es\/wp-json\/wp\/v2\/comments?post=1369"}],"version-history":[{"count":6,"href":"https:\/\/www.imcopex.com\/es\/wp-json\/wp\/v2\/pages\/1369\/revisions"}],"predecessor-version":[{"id":2697,"href":"https:\/\/www.imcopex.com\/es\/wp-json\/wp\/v2\/pages\/1369\/revisions\/2697"}],"wp:attachment":[{"href":"https:\/\/www.imcopex.com\/es\/wp-json\/wp\/v2\/media?parent=1369"}],"curies":[{"name":"wp","href":"https:\/\/api.w.org\/{rel}","templated":true}]}}