{"id":1212,"date":"2020-10-27T11:30:59","date_gmt":"2020-10-27T10:30:59","guid":{"rendered":"https:\/\/www.imcopex.com\/conditions-dutilisation\/"},"modified":"2021-08-12T08:48:56","modified_gmt":"2021-08-12T06:48:56","slug":"conditions-dutilisation","status":"publish","type":"page","link":"https:\/\/www.imcopex.com\/fr\/conditions-dutilisation\/","title":{"rendered":"Conditions d&rsquo;utilisation"},"content":{"rendered":"\t\t<div data-elementor-type=\"wp-page\" data-elementor-id=\"1212\" class=\"elementor elementor-1212 elementor-31\" data-elementor-post-type=\"page\">\n\t\t\t\t\t\t<section class=\"elementor-section elementor-top-section elementor-element elementor-element-cb739fd elementor-section-full_width elementor-section-height-default elementor-section-height-default\" data-id=\"cb739fd\" data-element_type=\"section\" data-e-type=\"section\">\n\t\t\t\t\t\t<div class=\"elementor-container elementor-column-gap-default\">\n\t\t\t\t\t<div class=\"elementor-column elementor-col-100 elementor-top-column elementor-element elementor-element-921c49c\" data-id=\"921c49c\" data-element_type=\"column\" data-e-type=\"column\">\n\t\t\t<div class=\"elementor-widget-wrap elementor-element-populated\">\n\t\t\t\t\t\t<div class=\"elementor-element elementor-element-85c9bfa elementor-widget elementor-widget-slider_revolution\" data-id=\"85c9bfa\" data-element_type=\"widget\" data-e-type=\"widget\" data-widget_type=\"slider_revolution.default\">\n\t\t\t\t<div class=\"elementor-widget-container\">\n\t\t\t\t\t\n\t\t<div class=\"wp-block-themepunch-revslider\">\n\t\t\t<!-- START \u00dcber uns REVOLUTION SLIDER 6.7.23 --><p class=\"rs-p-wp-fix\"><\/p>\n\t\t\t<rs-module-wrap id=\"rev_slider_4_1_wrapper\" data-source=\"gallery\" style=\"visibility:hidden;background:transparent;padding:0;margin:0px auto;margin-top:0;margin-bottom:0;\">\n\t\t\t\t<rs-module id=\"rev_slider_4_1\" style=\"\" data-version=\"6.7.23\">\n\t\t\t\t\t<rs-slides style=\"overflow: hidden; position: absolute;\">\n\t\t\t\t\t\t<rs-slide style=\"position: absolute;\" data-key=\"rs-4\" data-title=\"Slide\" data-anim=\"ms:1000;r:0;\" data-in=\"o:0;\" data-out=\"a:false;\">\n\t\t\t\t\t\t\t<img decoding=\"async\" src=\"\/\/www.imcopex.com\/wp-content\/plugins\/revslider\/sr6\/assets\/assets\/dummy.png\" alt=\"Slide\" title=\"Conditions d&rsquo;utilisation\" class=\"rev-slidebg tp-rs-img rs-lazyload\" data-lazyload=\"\/\/www.imcopex.com\/wp-content\/plugins\/revslider\/sr6\/assets\/assets\/transparent.png\" data-no-retina>\n<!--\n\t\t\t\t\t\t\t--><rs-layer\n\t\t\t\t\t\t\t\tid=\"slider-4-slide-4-layer-0\" \n\t\t\t\t\t\t\t\tdata-type=\"image\"\n\t\t\t\t\t\t\t\tdata-rsp_ch=\"on\"\n\t\t\t\t\t\t\t\tdata-xy=\"xo:1px,1px,1px,-161px;yo:-2px,-2px,-2px,1px;\"\n\t\t\t\t\t\t\t\tdata-text=\"w:normal;s:20,20,20,4;l:0,0,0,6;\"\n\t\t\t\t\t\t\t\tdata-dim=\"w:1919px,1919px,1919px,960px;h:500px,500px,500px,250px;\"\n\t\t\t\t\t\t\t\tdata-frame_999=\"o:0;st:w;\"\n\t\t\t\t\t\t\t\tstyle=\"z-index:5;\"\n\t\t\t\t\t\t\t><img fetchpriority=\"high\" decoding=\"async\" src=\"\/\/www.imcopex.com\/wp-content\/plugins\/revslider\/sr6\/assets\/assets\/dummy.png\" alt=\"\" class=\"tp-rs-img rs-lazyload\" width=\"1920\" height=\"500\" data-lazyload=\"\/\/www.imcopex.com\/wp-content\/uploads\/2020\/08\/imcopex_gmbh.jpg\" data-no-retina> \n\t\t\t\t\t\t\t<\/rs-layer><!--\n-->\t\t\t\t\t<\/rs-slide>\n\t\t\t\t\t<\/rs-slides>\n\t\t\t\t<\/rs-module>\n\t\t\t\t<script>\n\t\t\t\t\tsetREVStartSize({c: 'rev_slider_4_1',rl:[1240,1240,1240,770],el:[500,500,500,250],gw:[1920,1920,1920,480],gh:[500,500,500,250],type:'standard',justify:'',layout:'fullwidth',mh:\"0\"});if (window.RS_MODULES!==undefined && window.RS_MODULES.modules!==undefined && window.RS_MODULES.modules[\"revslider41\"]!==undefined) {window.RS_MODULES.modules[\"revslider41\"].once = false;window.revapi4 = undefined;if (window.RS_MODULES.checkMinimal!==undefined) window.RS_MODULES.checkMinimal()}\n\t\t\t\t<\/script>\n\t\t\t<\/rs-module-wrap>\n\t\t\t<!-- END REVOLUTION SLIDER -->\n<\/div>\n\n\t\t\t\t\t\t<\/div>\n\t\t\t\t<\/div>\n\t\t\t\t\t<\/div>\n\t\t<\/div>\n\t\t\t\t\t<\/div>\n\t\t<\/section>\n\t\t\t\t<section class=\"elementor-section elementor-top-section elementor-element elementor-element-5eec93e elementor-section-boxed elementor-section-height-default elementor-section-height-default\" data-id=\"5eec93e\" data-element_type=\"section\" data-e-type=\"section\">\n\t\t\t\t\t\t<div class=\"elementor-container elementor-column-gap-default\">\n\t\t\t\t\t<div class=\"elementor-column elementor-col-100 elementor-top-column elementor-element elementor-element-1fed003\" data-id=\"1fed003\" data-element_type=\"column\" data-e-type=\"column\">\n\t\t\t<div class=\"elementor-widget-wrap elementor-element-populated\">\n\t\t\t\t\t\t<div class=\"elementor-element elementor-element-b5c1f98 elementor-widget elementor-widget-spacer\" data-id=\"b5c1f98\" data-element_type=\"widget\" data-e-type=\"widget\" data-widget_type=\"spacer.default\">\n\t\t\t\t<div class=\"elementor-widget-container\">\n\t\t\t\t\t\t\t<div class=\"elementor-spacer\">\n\t\t\t<div class=\"elementor-spacer-inner\"><\/div>\n\t\t<\/div>\n\t\t\t\t\t\t<\/div>\n\t\t\t\t<\/div>\n\t\t\t\t<div class=\"elementor-element elementor-element-c100790 elementor-widget elementor-widget-heading\" data-id=\"c100790\" data-element_type=\"widget\" data-e-type=\"widget\" data-widget_type=\"heading.default\">\n\t\t\t\t<div class=\"elementor-widget-container\">\n\t\t\t\t\t<h2 class=\"elementor-heading-title elementor-size-default\">Conditions d'utilisation<\/h2>\t\t\t\t<\/div>\n\t\t\t\t<\/div>\n\t\t\t\t\t<\/div>\n\t\t<\/div>\n\t\t\t\t\t<\/div>\n\t\t<\/section>\n\t\t\t\t<section class=\"elementor-section elementor-top-section elementor-element elementor-element-de3e657 elementor-section-boxed elementor-section-height-default elementor-section-height-default\" data-id=\"de3e657\" data-element_type=\"section\" data-e-type=\"section\">\n\t\t\t\t\t\t<div class=\"elementor-container elementor-column-gap-default\">\n\t\t\t\t\t<div class=\"elementor-column elementor-col-100 elementor-top-column elementor-element elementor-element-cc117e4\" data-id=\"cc117e4\" data-element_type=\"column\" data-e-type=\"column\">\n\t\t\t<div class=\"elementor-widget-wrap elementor-element-populated\">\n\t\t\t\t\t\t<div class=\"elementor-element elementor-element-ea726bf elementor-widget elementor-widget-text-editor\" data-id=\"ea726bf\" data-element_type=\"widget\" data-e-type=\"widget\" data-widget_type=\"text-editor.default\">\n\t\t\t\t<div class=\"elementor-widget-container\">\n\t\t\t\t\t\t\t\t\t<p>imcopex GmbH met r\u00e9guli\u00e8rement \u00e0 jour les informations sur ses sites Internet. Cependant, malgr\u00e9 tout le soin apport\u00e9, les donn\u00e9es peuvent avoir chang\u00e9 entre-temps. Nous n&rsquo;assumons aucune responsabilit\u00e9 ni garantie quant \u00e0 l&rsquo;actualit\u00e9, l&rsquo;exactitude et l&rsquo;exhaustivit\u00e9 des informations fournies. <span style=\"font-size: 16px; color: var( --e-global-color-text );\">Il en va de m\u00eame pour tous les autres sites web auxquels il est fait r\u00e9f\u00e9rence par un hyperlien. imcopex GmbH n&rsquo;est pas responsable du contenu de ces sites.<\/span><\/p>\n<p><span style=\"font-size: 16px; color: var( --e-global-color-text );\"> <\/span><\/p>\n<p>imcopex GmbH est propri\u00e9taire des droits d&rsquo;auteur de ses pages web avec la mise en page et le contenu, ainsi que d&rsquo;autres droits de protection, \u00e0 condition qu&rsquo;il ne soit pas fait r\u00e9f\u00e9rence s\u00e9par\u00e9ment \u00e0 d&rsquo;autres fournisseurs, fabricants ou titulaires de droits de marque. Il est interdit de r\u00e9cup\u00e9rer, copier, stocker ainsi que traiter et retravailler les pages web, leur contenu ou leurs r\u00e9sultats, en tout ou en partie, \u00e0 des fins commerciales. <span style=\"font-size: 16px; color: var( --e-global-color-text );\">Les avis de droit d&rsquo;auteur et les noms de marque ne peuvent \u00eatre ni modifi\u00e9s ni supprim\u00e9s. Toutes les autres actions n\u00e9cessitent l&rsquo;accord \u00e9crit pr\u00e9alable de la soci\u00e9t\u00e9 imcopex GmbH.<\/span><\/p>\n<p>Les informations ne peuvent \u00eatre consult\u00e9es que d&rsquo;une mani\u00e8re qui n&rsquo;affecte pas les autres utilisateurs de l&rsquo;offre en ligne d&rsquo;imcopex.<\/p>\n<\/p>\n<p>Nos sites web peuvent contenir des liens vers les sites web d&rsquo;autres entreprises. Nous ne sommes pas responsables du contenu ni des mesures de protection des donn\u00e9es (voir \u00e9galement nos r\u00e8gles de protection des donn\u00e9es) des sites web externes auxquels vous pouvez acc\u00e9der par ces liens. Veuillez vous y informer sur la <span style=\"font-size: 16px; color: var( --e-global-color-text );\">protection des donn\u00e9es.<\/span><\/p>\n\t\t\t\t\t\t\t\t<\/div>\n\t\t\t\t<\/div>\n\t\t\t\t<div class=\"elementor-element elementor-element-fda514c elementor-widget elementor-widget-spacer\" data-id=\"fda514c\" data-element_type=\"widget\" data-e-type=\"widget\" data-widget_type=\"spacer.default\">\n\t\t\t\t<div class=\"elementor-widget-container\">\n\t\t\t\t\t\t\t<div class=\"elementor-spacer\">\n\t\t\t<div class=\"elementor-spacer-inner\"><\/div>\n\t\t<\/div>\n\t\t\t\t\t\t<\/div>\n\t\t\t\t<\/div>\n\t\t\t\t\t<\/div>\n\t\t<\/div>\n\t\t\t\t\t<\/div>\n\t\t<\/section>\n\t\t\t\t<\/div>\n\t\t","protected":false},"excerpt":{"rendered":"<p>Conditions d&rsquo;utilisation imcopex GmbH met r\u00e9guli\u00e8rement \u00e0 jour les informations sur ses sites Internet. Cependant, malgr\u00e9 tout le soin apport\u00e9, les donn\u00e9es peuvent avoir chang\u00e9 entre-temps. Nous n&rsquo;assumons aucune responsabilit\u00e9 ni garantie quant \u00e0 l&rsquo;actualit\u00e9, l&rsquo;exactitude et l&rsquo;exhaustivit\u00e9 des informations fournies. Il en va de m\u00eame pour tous les autres [&hellip;]<\/p>\n","protected":false},"author":1,"featured_media":0,"parent":0,"menu_order":0,"comment_status":"closed","ping_status":"closed","template":"elementor_header_footer","meta":{"footnotes":""},"class_list":["post-1212","page","type-page","status-publish","hentry"],"aioseo_notices":[],"_links":{"self":[{"href":"https:\/\/www.imcopex.com\/fr\/wp-json\/wp\/v2\/pages\/1212","targetHints":{"allow":["GET"]}}],"collection":[{"href":"https:\/\/www.imcopex.com\/fr\/wp-json\/wp\/v2\/pages"}],"about":[{"href":"https:\/\/www.imcopex.com\/fr\/wp-json\/wp\/v2\/types\/page"}],"author":[{"embeddable":true,"href":"https:\/\/www.imcopex.com\/fr\/wp-json\/wp\/v2\/users\/1"}],"replies":[{"embeddable":true,"href":"https:\/\/www.imcopex.com\/fr\/wp-json\/wp\/v2\/comments?post=1212"}],"version-history":[{"count":14,"href":"https:\/\/www.imcopex.com\/fr\/wp-json\/wp\/v2\/pages\/1212\/revisions"}],"predecessor-version":[{"id":2627,"href":"https:\/\/www.imcopex.com\/fr\/wp-json\/wp\/v2\/pages\/1212\/revisions\/2627"}],"wp:attachment":[{"href":"https:\/\/www.imcopex.com\/fr\/wp-json\/wp\/v2\/media?parent=1212"}],"curies":[{"name":"wp","href":"https:\/\/api.w.org\/{rel}","templated":true}]}}