{"id":1220,"date":"2020-10-27T15:25:51","date_gmt":"2020-10-27T14:25:51","guid":{"rendered":"https:\/\/www.imcopex.com\/mentions-legales\/"},"modified":"2025-01-16T07:36:30","modified_gmt":"2025-01-16T06:36:30","slug":"mentions-legales","status":"publish","type":"page","link":"https:\/\/www.imcopex.com\/fr\/mentions-legales\/","title":{"rendered":"Mentions l\u00e9gales"},"content":{"rendered":"\t\t<div data-elementor-type=\"wp-page\" data-elementor-id=\"1220\" class=\"elementor elementor-1220 elementor-29\" data-elementor-post-type=\"page\">\n\t\t\t\t\t\t<section class=\"elementor-section elementor-top-section elementor-element elementor-element-15c886a elementor-section-full_width elementor-section-height-default elementor-section-height-default\" data-id=\"15c886a\" data-element_type=\"section\" data-e-type=\"section\">\n\t\t\t\t\t\t<div class=\"elementor-container elementor-column-gap-default\">\n\t\t\t\t\t<div class=\"elementor-column elementor-col-100 elementor-top-column elementor-element elementor-element-efeaae9\" data-id=\"efeaae9\" data-element_type=\"column\" data-e-type=\"column\">\n\t\t\t<div class=\"elementor-widget-wrap elementor-element-populated\">\n\t\t\t\t\t\t<div class=\"elementor-element elementor-element-854e76f elementor-widget elementor-widget-slider_revolution\" data-id=\"854e76f\" data-element_type=\"widget\" data-e-type=\"widget\" data-widget_type=\"slider_revolution.default\">\n\t\t\t\t<div class=\"elementor-widget-container\">\n\t\t\t\t\t\n\t\t<div class=\"wp-block-themepunch-revslider\">\n\t\t\t<!-- START \u00dcber uns REVOLUTION SLIDER 6.7.23 --><p class=\"rs-p-wp-fix\"><\/p>\n\t\t\t<rs-module-wrap id=\"rev_slider_4_1_wrapper\" data-source=\"gallery\" style=\"visibility:hidden;background:transparent;padding:0;margin:0px auto;margin-top:0;margin-bottom:0;\">\n\t\t\t\t<rs-module id=\"rev_slider_4_1\" style=\"\" data-version=\"6.7.23\">\n\t\t\t\t\t<rs-slides style=\"overflow: hidden; position: absolute;\">\n\t\t\t\t\t\t<rs-slide style=\"position: absolute;\" data-key=\"rs-4\" data-title=\"Slide\" data-anim=\"ms:1000;r:0;\" data-in=\"o:0;\" data-out=\"a:false;\">\n\t\t\t\t\t\t\t<img decoding=\"async\" src=\"\/\/www.imcopex.com\/wp-content\/plugins\/revslider\/sr6\/assets\/assets\/dummy.png\" alt=\"Slide\" title=\"Mentions l\u00e9gales\" class=\"rev-slidebg tp-rs-img rs-lazyload\" data-lazyload=\"\/\/www.imcopex.com\/wp-content\/plugins\/revslider\/sr6\/assets\/assets\/transparent.png\" data-no-retina>\n<!--\n\t\t\t\t\t\t\t--><rs-layer\n\t\t\t\t\t\t\t\tid=\"slider-4-slide-4-layer-0\" \n\t\t\t\t\t\t\t\tdata-type=\"image\"\n\t\t\t\t\t\t\t\tdata-rsp_ch=\"on\"\n\t\t\t\t\t\t\t\tdata-xy=\"xo:1px,1px,1px,-161px;yo:-2px,-2px,-2px,1px;\"\n\t\t\t\t\t\t\t\tdata-text=\"w:normal;s:20,20,20,4;l:0,0,0,6;\"\n\t\t\t\t\t\t\t\tdata-dim=\"w:1919px,1919px,1919px,960px;h:500px,500px,500px,250px;\"\n\t\t\t\t\t\t\t\tdata-frame_999=\"o:0;st:w;\"\n\t\t\t\t\t\t\t\tstyle=\"z-index:5;\"\n\t\t\t\t\t\t\t><img fetchpriority=\"high\" decoding=\"async\" src=\"\/\/www.imcopex.com\/wp-content\/plugins\/revslider\/sr6\/assets\/assets\/dummy.png\" alt=\"\" class=\"tp-rs-img rs-lazyload\" width=\"1920\" height=\"500\" data-lazyload=\"\/\/www.imcopex.com\/wp-content\/uploads\/2020\/08\/imcopex_gmbh.jpg\" data-no-retina> \n\t\t\t\t\t\t\t<\/rs-layer><!--\n-->\t\t\t\t\t<\/rs-slide>\n\t\t\t\t\t<\/rs-slides>\n\t\t\t\t<\/rs-module>\n\t\t\t\t<script>\n\t\t\t\t\tsetREVStartSize({c: 'rev_slider_4_1',rl:[1240,1240,1240,770],el:[500,500,500,250],gw:[1920,1920,1920,480],gh:[500,500,500,250],type:'standard',justify:'',layout:'fullwidth',mh:\"0\"});if (window.RS_MODULES!==undefined && window.RS_MODULES.modules!==undefined && window.RS_MODULES.modules[\"revslider41\"]!==undefined) {window.RS_MODULES.modules[\"revslider41\"].once = false;window.revapi4 = undefined;if (window.RS_MODULES.checkMinimal!==undefined) window.RS_MODULES.checkMinimal()}\n\t\t\t\t<\/script>\n\t\t\t<\/rs-module-wrap>\n\t\t\t<!-- END REVOLUTION SLIDER -->\n<\/div>\n\n\t\t\t\t\t\t<\/div>\n\t\t\t\t<\/div>\n\t\t\t\t\t<\/div>\n\t\t<\/div>\n\t\t\t\t\t<\/div>\n\t\t<\/section>\n\t\t\t\t<section class=\"elementor-section elementor-top-section elementor-element elementor-element-8bb886a elementor-section-boxed elementor-section-height-default elementor-section-height-default\" data-id=\"8bb886a\" data-element_type=\"section\" data-e-type=\"section\">\n\t\t\t\t\t\t<div class=\"elementor-container elementor-column-gap-default\">\n\t\t\t\t\t<div class=\"elementor-column elementor-col-100 elementor-top-column elementor-element elementor-element-ea46f56\" data-id=\"ea46f56\" data-element_type=\"column\" data-e-type=\"column\">\n\t\t\t<div class=\"elementor-widget-wrap elementor-element-populated\">\n\t\t\t\t\t\t<div class=\"elementor-element elementor-element-f57aaf2 elementor-widget elementor-widget-text-editor\" data-id=\"f57aaf2\" data-element_type=\"widget\" data-e-type=\"widget\" data-widget_type=\"text-editor.default\">\n\t\t\t\t<div class=\"elementor-widget-container\">\n\t\t\t\t\t\t\t\t\t<p>imcopex GmbH<\/p>\n<p>Auf dem Ralande 7-9<\/p>\n<p>21465 Wentorf bei Hamburg<\/p>\n<p>Allemagne<\/p>\n<\/p>\n<p>T\u00e9l\u00e9phone: +49 (0) 40 72 90 67 67 40. 72 90 67 67<\/p>\n<p>Fax: +49 (0) 40 72 90 67 68 40. 72 90 67 68<\/p>\n<p>Courrier \u00e9lectronique: info(at)imcopex.com<\/p>\n<\/p>\n<p>Directeur g\u00e9n\u00e9ral : Massimo Cadinu<\/p>\n<p>USt.Id. : DE118708018<\/p>\n<p>Tribunal comp\u00e9tent : L\u00fcbeck HRB 882<\/p>\n<p>R\u00e8glement DEEE n\u00b0 : DE 86465546 (\u00a7 6 paragraphe 3 ElektroG)<\/p>\n<\/p>\n<p>\u00a9 Copyright 2020, imcopex GmbH.<\/p>\n<p>Tous droits r\u00e9serv\u00e9s.<\/p>\n\t\t\t\t\t\t\t\t<\/div>\n\t\t\t\t<\/div>\n\t\t\t\t\t<\/div>\n\t\t<\/div>\n\t\t\t\t\t<\/div>\n\t\t<\/section>\n\t\t\t\t<\/div>\n\t\t","protected":false},"excerpt":{"rendered":"<p>imcopex GmbH Auf dem Ralande 7-9 21465 Wentorf bei Hamburg Allemagne T\u00e9l\u00e9phone: +49 (0) 40 72 90 67 67 40. 72 90 67 67 Fax: +49 (0) 40 72 90 67 68 40. 72 90 67 68 Courrier \u00e9lectronique: info(at)imcopex.com Directeur g\u00e9n\u00e9ral : Massimo Cadinu USt.Id. : DE118708018 Tribunal comp\u00e9tent [&hellip;]<\/p>\n","protected":false},"author":1,"featured_media":0,"parent":0,"menu_order":0,"comment_status":"closed","ping_status":"closed","template":"elementor_header_footer","meta":{"footnotes":""},"class_list":["post-1220","page","type-page","status-publish","hentry"],"aioseo_notices":[],"_links":{"self":[{"href":"https:\/\/www.imcopex.com\/fr\/wp-json\/wp\/v2\/pages\/1220","targetHints":{"allow":["GET"]}}],"collection":[{"href":"https:\/\/www.imcopex.com\/fr\/wp-json\/wp\/v2\/pages"}],"about":[{"href":"https:\/\/www.imcopex.com\/fr\/wp-json\/wp\/v2\/types\/page"}],"author":[{"embeddable":true,"href":"https:\/\/www.imcopex.com\/fr\/wp-json\/wp\/v2\/users\/1"}],"replies":[{"embeddable":true,"href":"https:\/\/www.imcopex.com\/fr\/wp-json\/wp\/v2\/comments?post=1220"}],"version-history":[{"count":12,"href":"https:\/\/www.imcopex.com\/fr\/wp-json\/wp\/v2\/pages\/1220\/revisions"}],"predecessor-version":[{"id":28621,"href":"https:\/\/www.imcopex.com\/fr\/wp-json\/wp\/v2\/pages\/1220\/revisions\/28621"}],"wp:attachment":[{"href":"https:\/\/www.imcopex.com\/fr\/wp-json\/wp\/v2\/media?parent=1220"}],"curies":[{"name":"wp","href":"https:\/\/api.w.org\/{rel}","templated":true}]}}