{"id":3851,"date":"2021-05-18T15:30:44","date_gmt":"2021-05-18T13:30:44","guid":{"rendered":"https:\/\/www.imcopex.com\/carriere\/"},"modified":"2025-11-10T09:24:24","modified_gmt":"2025-11-10T08:24:24","slug":"carriere","status":"publish","type":"page","link":"https:\/\/www.imcopex.com\/fr\/carriere\/","title":{"rendered":"Carri\u00e8re"},"content":{"rendered":"\t\t<div data-elementor-type=\"wp-page\" data-elementor-id=\"3851\" class=\"elementor elementor-3851 elementor-2412\" data-elementor-post-type=\"page\">\n\t\t\t\t\t\t<section class=\"elementor-section elementor-top-section elementor-element elementor-element-565ee12 elementor-section-boxed elementor-section-height-default elementor-section-height-default\" data-id=\"565ee12\" data-element_type=\"section\" data-e-type=\"section\">\n\t\t\t\t\t\t<div class=\"elementor-container elementor-column-gap-default\">\n\t\t\t\t\t<div class=\"elementor-column elementor-col-100 elementor-top-column elementor-element elementor-element-3b86c77\" data-id=\"3b86c77\" data-element_type=\"column\" data-e-type=\"column\">\n\t\t\t<div class=\"elementor-widget-wrap elementor-element-populated\">\n\t\t\t\t\t\t<div class=\"elementor-element elementor-element-fc542d5 elementor-widget elementor-widget-heading\" data-id=\"fc542d5\" data-element_type=\"widget\" data-e-type=\"widget\" data-widget_type=\"heading.default\">\n\t\t\t\t<div class=\"elementor-widget-container\">\n\t\t\t\t\t<h2 class=\"elementor-heading-title elementor-size-default\">Carri\u00e8re et formation chez imcopex<\/h2>\t\t\t\t<\/div>\n\t\t\t\t<\/div>\n\t\t\t\t\t<\/div>\n\t\t<\/div>\n\t\t\t\t\t<\/div>\n\t\t<\/section>\n\t\t\t\t<section class=\"elementor-section elementor-top-section elementor-element elementor-element-96381b3 elementor-section-boxed elementor-section-height-default elementor-section-height-default\" data-id=\"96381b3\" data-element_type=\"section\" data-e-type=\"section\">\n\t\t\t\t\t\t<div class=\"elementor-container elementor-column-gap-default\">\n\t\t\t\t\t<div class=\"elementor-column elementor-col-100 elementor-top-column elementor-element elementor-element-ce349b5\" data-id=\"ce349b5\" data-element_type=\"column\" data-e-type=\"column\">\n\t\t\t<div class=\"elementor-widget-wrap elementor-element-populated\">\n\t\t\t\t\t\t<section class=\"elementor-section elementor-inner-section elementor-element elementor-element-b7751fd elementor-section-boxed elementor-section-height-default elementor-section-height-default\" data-id=\"b7751fd\" data-element_type=\"section\" data-e-type=\"section\">\n\t\t\t\t\t\t<div class=\"elementor-container elementor-column-gap-extended\">\n\t\t\t\t\t<div class=\"elementor-column elementor-col-100 elementor-inner-column elementor-element elementor-element-64e2d43\" data-id=\"64e2d43\" data-element_type=\"column\" data-e-type=\"column\">\n\t\t\t<div class=\"elementor-widget-wrap elementor-element-populated\">\n\t\t\t\t\t\t<div class=\"elementor-element elementor-element-b9836ad elementor-widget elementor-widget-text-editor\" data-id=\"b9836ad\" data-element_type=\"widget\" data-e-type=\"widget\" data-widget_type=\"text-editor.default\">\n\t\t\t\t<div class=\"elementor-widget-container\">\n\t\t\t\t\t\t\t\t\tVous souhaitez faire partie de l\u2019\u00e9quipe imcopex et parler aussi bien l\u2019anglais que l\u2019allemand ? Chez imcopex, vous pouvez vous d\u00e9velopper personnellement et professionnellement. <!-- Als Ausbildungsbetrieb bildet imcopex au\u00dferdem Berufseinsteiger in folgenden Bereichen aus:\n<ul style=\"font-weight: 400; font-family: Roboto, sans-serif; font-style: normal; font-size: 16px; background-color: #ffffff;\">\n \t<li style=\"font-size: 16px;\"><span style=\"font-weight: 400; font-family: 'Open Sans', sans-serif; font-style: normal; font-size: 16px; background-color: #ffffff; white-space: pre-wrap;\">Kaufmann\/-frau \u2013 Spedition und Logistikdienstleistung<\/span><\/li>\n<\/ul> -->\t\t\t\t\t\t\t\t<\/div>\n\t\t\t\t<\/div>\n\t\t\t\t\t<\/div>\n\t\t<\/div>\n\t\t\t\t\t<\/div>\n\t\t<\/section>\n\t\t\t\t<div class=\"elementor-element elementor-element-0e26d3c elementor-widget elementor-widget-text-editor\" data-id=\"0e26d3c\" data-element_type=\"widget\" data-e-type=\"widget\" data-widget_type=\"text-editor.default\">\n\t\t\t\t<div class=\"elementor-widget-container\">\n\t\t\t\t\t\t\t\t\t<h2 data-elementor-setting-key=\"title\" data-pen-placeholder=\"Eingabe hier...\">Postes vacants actuels<\/h2><div><ul style=\"background-color: #ffffff;\"><li><a href=\"https:\/\/www.imcopex.com\/karriere\/lagerist\/\" target=\"_blank\" rel=\"noopener\">Magasinier (h\/f) \/ Sp\u00e9cialiste logistique d\u2019entrep\u00f4t (h\/f) \/ Chauffeur (h\/f)<\/a><\/li><\/ul><\/div>\t\t\t\t\t\t\t\t<\/div>\n\t\t\t\t<\/div>\n\t\t\t\t\t<\/div>\n\t\t<\/div>\n\t\t\t\t\t<\/div>\n\t\t<\/section>\n\t\t\t\t<section class=\"elementor-section elementor-top-section elementor-element elementor-element-f77bb1e elementor-section-boxed elementor-section-height-default elementor-section-height-default\" data-id=\"f77bb1e\" data-element_type=\"section\" data-e-type=\"section\">\n\t\t\t\t\t\t<div class=\"elementor-container elementor-column-gap-default\">\n\t\t\t\t\t<div class=\"elementor-column elementor-col-100 elementor-top-column elementor-element elementor-element-6a9573f\" data-id=\"6a9573f\" data-element_type=\"column\" data-e-type=\"column\">\n\t\t\t<div class=\"elementor-widget-wrap elementor-element-populated\">\n\t\t\t\t\t\t<div class=\"elementor-element elementor-element-f147f5a elementor-widget elementor-widget-text-editor\" data-id=\"f147f5a\" data-element_type=\"widget\" data-e-type=\"widget\" data-widget_type=\"text-editor.default\">\n\t\t\t\t<div class=\"elementor-widget-container\">\n\t\t\t\t\t\t\t\t\t<p>Veuillez postuler (\u00e9galement de votre propre initiative) avec vos documents pertinents \u00e0 Mme Kramp \u00e0 <a href=\"&#109;&#x61;&#x69;l&#116;&#x6f;:&#106;&#x6f;b&#64;&#x69;m&#99;&#x6f;&#x70;&#101;&#x78;&#x2e;c&#111;&#x6d;\">&#106;o&#x62;&#64;&#x69;&#109;&#x63;&#111;&#x70;&#101;x&#x2e;c&#x6f;&#109;<\/a><\/p>\t\t\t\t\t\t\t\t<\/div>\n\t\t\t\t<\/div>\n\t\t\t\t<div class=\"elementor-element elementor-element-eb97e99 elementor-widget elementor-widget-spacer\" data-id=\"eb97e99\" data-element_type=\"widget\" data-e-type=\"widget\" data-widget_type=\"spacer.default\">\n\t\t\t\t<div class=\"elementor-widget-container\">\n\t\t\t\t\t\t\t<div class=\"elementor-spacer\">\n\t\t\t<div class=\"elementor-spacer-inner\"><\/div>\n\t\t<\/div>\n\t\t\t\t\t\t<\/div>\n\t\t\t\t<\/div>\n\t\t\t\t\t<\/div>\n\t\t<\/div>\n\t\t\t\t\t<\/div>\n\t\t<\/section>\n\t\t\t\t<\/div>\n\t\t","protected":false},"excerpt":{"rendered":"<p>Carri\u00e8re et formation chez imcopex Vous souhaitez faire partie de l\u2019\u00e9quipe imcopex et parler aussi bien l\u2019anglais que l\u2019allemand ? Chez imcopex, vous pouvez vous d\u00e9velopper personnellement et professionnellement. Postes vacants actuels Magasinier (h\/f) \/ Sp\u00e9cialiste logistique d\u2019entrep\u00f4t (h\/f) \/ Chauffeur (h\/f) Veuillez postuler (\u00e9galement de votre propre initiative) avec [&hellip;]<\/p>\n","protected":false},"author":1,"featured_media":0,"parent":0,"menu_order":0,"comment_status":"closed","ping_status":"closed","template":"","meta":{"footnotes":""},"class_list":["post-3851","page","type-page","status-publish","hentry"],"aioseo_notices":[],"_links":{"self":[{"href":"https:\/\/www.imcopex.com\/fr\/wp-json\/wp\/v2\/pages\/3851","targetHints":{"allow":["GET"]}}],"collection":[{"href":"https:\/\/www.imcopex.com\/fr\/wp-json\/wp\/v2\/pages"}],"about":[{"href":"https:\/\/www.imcopex.com\/fr\/wp-json\/wp\/v2\/types\/page"}],"author":[{"embeddable":true,"href":"https:\/\/www.imcopex.com\/fr\/wp-json\/wp\/v2\/users\/1"}],"replies":[{"embeddable":true,"href":"https:\/\/www.imcopex.com\/fr\/wp-json\/wp\/v2\/comments?post=3851"}],"version-history":[{"count":3,"href":"https:\/\/www.imcopex.com\/fr\/wp-json\/wp\/v2\/pages\/3851\/revisions"}],"predecessor-version":[{"id":29645,"href":"https:\/\/www.imcopex.com\/fr\/wp-json\/wp\/v2\/pages\/3851\/revisions\/29645"}],"wp:attachment":[{"href":"https:\/\/www.imcopex.com\/fr\/wp-json\/wp\/v2\/media?parent=3851"}],"curies":[{"name":"wp","href":"https:\/\/api.w.org\/{rel}","templated":true}]}}