{"id":8925,"date":"2023-05-30T15:31:42","date_gmt":"2023-05-30T13:31:42","guid":{"rendered":"https:\/\/www.imcopex.com\/devenir-fournisseur\/"},"modified":"2023-05-30T15:31:42","modified_gmt":"2023-05-30T13:31:42","slug":"devenir-fournisseur","status":"publish","type":"page","link":"https:\/\/www.imcopex.com\/fr\/devenir-fournisseur\/","title":{"rendered":"Devenir fournisseur"},"content":{"rendered":"\n<h2 class=\"wp-block-heading\">Devenir fournisseur<\/h2>\n\n<div class=\"wpcf7 no-js\" id=\"wpcf7-f6146-o1\" lang=\"fr-FR\" dir=\"ltr\" data-wpcf7-id=\"6146\">\n<div class=\"screen-reader-response\"><p role=\"status\" aria-live=\"polite\" aria-atomic=\"true\"><\/p> <ul><\/ul><\/div>\n<form action=\"\/fr\/wp-json\/wp\/v2\/pages\/8925#wpcf7-f6146-o1\" method=\"post\" class=\"wpcf7-form init\" aria-label=\"Formulaire de contact\" enctype=\"multipart\/form-data\" novalidate=\"novalidate\" data-status=\"init\">\n<fieldset class=\"hidden-fields-container\"><input type=\"hidden\" name=\"_wpcf7\" value=\"6146\" \/><input type=\"hidden\" name=\"_wpcf7_version\" value=\"6.1.5\" \/><input type=\"hidden\" name=\"_wpcf7_locale\" value=\"fr_FR\" \/><input type=\"hidden\" name=\"_wpcf7_unit_tag\" value=\"wpcf7-f6146-o1\" \/><input type=\"hidden\" name=\"_wpcf7_container_post\" value=\"0\" \/><input type=\"hidden\" name=\"_wpcf7_posted_data_hash\" value=\"\" \/><input type=\"hidden\" name=\"_wpcf7_recaptcha_response\" value=\"\" \/>\n<\/fieldset>\n<div class=\"links\">\n\t<p><label> Entreprise<span class=\"contact_form_mandatory\">*<\/span><br \/>\n<span class=\"wpcf7-form-control-wrap\" data-name=\"Firma\"><input size=\"40\" maxlength=\"400\" class=\"wpcf7-form-control wpcf7-text wpcf7-validates-as-required\" aria-required=\"true\" aria-invalid=\"false\" value=\"\" type=\"text\" name=\"Firma\" \/><\/span> <\/label>\n\t<\/p>\n<\/div>\n<div class=\"rechts\">\n\t<p><label> Forme juridique<span class=\"contact_form_mandatory\">*<\/span><br \/>\n<span class=\"wpcf7-form-control-wrap\" data-name=\"Rechtsform\"><input size=\"40\" maxlength=\"400\" class=\"wpcf7-form-control wpcf7-text wpcf7-validates-as-required\" aria-required=\"true\" aria-invalid=\"false\" value=\"\" type=\"text\" name=\"Rechtsform\" \/><\/span> <\/label>\n\t<\/p>\n<\/div>\n<div class=\"links\">\n\t<p><label> Rue<span class=\"contact_form_mandatory\">*<\/span><br \/>\n<span class=\"wpcf7-form-control-wrap\" data-name=\"Strasse\"><input size=\"40\" maxlength=\"400\" class=\"wpcf7-form-control wpcf7-text wpcf7-validates-as-required\" aria-required=\"true\" aria-invalid=\"false\" value=\"\" type=\"text\" name=\"Strasse\" \/><\/span><\/label>\n\t<\/p>\n<\/div>\n<div class=\"rechts\">\n\t<p><label> Num\u00e9ro de maison<span class=\"contact_form_mandatory\">*<\/span><br \/>\n<span class=\"wpcf7-form-control-wrap\" data-name=\"Hausnummer\"><input size=\"40\" maxlength=\"400\" class=\"wpcf7-form-control wpcf7-text wpcf7-validates-as-required\" aria-required=\"true\" aria-invalid=\"false\" value=\"\" type=\"text\" name=\"Hausnummer\" \/><\/span><\/label>\n\t<\/p>\n<\/div>\n<div class=\"links\">\n\t<p><label> Code postal<span class=\"contact_form_mandatory\">*<\/span><br \/>\n<span class=\"wpcf7-form-control-wrap\" data-name=\"PLZ\"><input size=\"40\" maxlength=\"400\" class=\"wpcf7-form-control wpcf7-text wpcf7-validates-as-required\" aria-required=\"true\" aria-invalid=\"false\" value=\"\" type=\"text\" name=\"PLZ\" \/><\/span><\/label>\n\t<\/p>\n<\/div>\n<div class=\"rechts\">\n\t<p><label> Emplacement<span class=\"contact_form_mandatory\">*<\/span><br \/>\n<span class=\"wpcf7-form-control-wrap\" data-name=\"Ort\"><input size=\"40\" maxlength=\"400\" class=\"wpcf7-form-control wpcf7-text wpcf7-validates-as-required\" aria-required=\"true\" aria-invalid=\"false\" value=\"\" type=\"text\" name=\"Ort\" \/><\/span><\/label>\n\t<\/p>\n<\/div>\n<p><label> Pays<span class=\"contact_form_mandatory\">*<\/span><br \/>\n<span class=\"wpcf7-form-control-wrap\" data-name=\"Land\"><input size=\"40\" maxlength=\"400\" class=\"wpcf7-form-control wpcf7-text wpcf7-validates-as-required\" aria-required=\"true\" aria-invalid=\"false\" value=\"\" type=\"text\" name=\"Land\" \/><\/span><\/label>\n<\/p>\n<div class=\"links\">\n\t<p><label> Pr\u00e9nom<span class=\"contact_form_mandatory\">*<\/span><br \/>\n<span class=\"wpcf7-form-control-wrap\" data-name=\"Vorname\"><input size=\"40\" maxlength=\"400\" class=\"wpcf7-form-control wpcf7-text wpcf7-validates-as-required\" aria-required=\"true\" aria-invalid=\"false\" value=\"\" type=\"text\" name=\"Vorname\" \/><\/span> <\/label>\n\t<\/p>\n<\/div>\n<div class=\"rechts\">\n\t<p><label> Nom <span class=\"contact_form_mandatory\">de famille*<\/span><br \/>\n<span class=\"wpcf7-form-control-wrap\" data-name=\"Nachname\"><input size=\"40\" maxlength=\"400\" class=\"wpcf7-form-control wpcf7-text wpcf7-validates-as-required\" aria-required=\"true\" aria-invalid=\"false\" value=\"\" type=\"text\" name=\"Nachname\" \/><\/span> <\/label>\n\t<\/p>\n<\/div>\n<div class=\"links\">\n\t<p><label> Num\u00e9ro de t\u00e9l\u00e9phone<span class=\"contact_form_mandatory\">*<\/span><br \/>\n<span class=\"wpcf7-form-control-wrap\" data-name=\"Telefonnummer\"><input size=\"40\" maxlength=\"400\" class=\"wpcf7-form-control wpcf7-text wpcf7-validates-as-required\" aria-required=\"true\" aria-invalid=\"false\" value=\"\" type=\"text\" name=\"Telefonnummer\" \/><\/span> <\/label>\n\t<\/p>\n<\/div>\n<div class=\"rechts\">\n\t<p><label> Courriel<span class=\"contact_form_mandatory\">*<\/span><br \/>\n<span class=\"wpcf7-form-control-wrap\" data-name=\"E-Mail\"><input size=\"40\" maxlength=\"400\" class=\"wpcf7-form-control wpcf7-email wpcf7-validates-as-required wpcf7-text wpcf7-validates-as-email\" aria-required=\"true\" aria-invalid=\"false\" value=\"\" type=\"email\" name=\"E-Mail\" \/><\/span> <\/label>\n\t<\/p>\n<\/div>\n<div class=\"links\">\n\t<p><label> Coordonn\u00e9es <span class=\"contact_form_mandatory\">bancaires*<\/span><br \/>\n<span class=\"wpcf7-form-control-wrap\" data-name=\"Bankverbindung\"><input size=\"40\" maxlength=\"400\" class=\"wpcf7-form-control wpcf7-text wpcf7-validates-as-required\" aria-required=\"true\" aria-invalid=\"false\" value=\"\" type=\"text\" name=\"Bankverbindung\" \/><\/span> <\/label>\n\t<\/p>\n<\/div>\n<div class=\"rechts\">\n\t<p><label> Num\u00e9ro de TVA<span class=\"contact_form_mandatory\">*<\/span><br \/>\n<span class=\"wpcf7-form-control-wrap\" data-name=\"UST-ID\"><input size=\"40\" maxlength=\"400\" class=\"wpcf7-form-control wpcf7-text wpcf7-validates-as-required\" aria-required=\"true\" aria-invalid=\"false\" value=\"\" type=\"text\" name=\"UST-ID\" \/><\/span> <\/label>\n\t<\/p>\n<\/div>\n<div class=\"links\">\n\t<p><label> <span class=\"contact_form_mandatory\">RAPIDE*<\/span><br \/>\n<span class=\"wpcf7-form-control-wrap\" data-name=\"SWIFT\"><input size=\"40\" maxlength=\"400\" class=\"wpcf7-form-control wpcf7-text wpcf7-validates-as-required\" aria-required=\"true\" aria-invalid=\"false\" value=\"\" type=\"text\" name=\"SWIFT\" \/><\/span> <\/label>\n\t<\/p>\n<\/div>\n<p><br clear=\"all\" \/><label> D\u00e9lai de paiement<br \/>\n<span class=\"wpcf7-form-control-wrap\" data-name=\"Tage\"><span class=\"wpcf7-form-control wpcf7-checkbox\"><span class=\"wpcf7-list-item first last\"><label><input type=\"checkbox\" name=\"Tage[]\" value=\"30 jours apr\u00e8s r\u00e9ception de la facture\" \/><span class=\"wpcf7-list-item-label\">30 jours apr\u00e8s r\u00e9ception de la facture<\/span><\/label><\/span><\/span><\/span><\/label><br \/>\n<label> Commentaire Conditions de paiement<br \/>\n<span class=\"wpcf7-form-control-wrap\" data-name=\"Freitext-Zahlungsbedingung\"><input size=\"40\" maxlength=\"400\" class=\"wpcf7-form-control wpcf7-text\" aria-invalid=\"false\" value=\"\" type=\"text\" name=\"Freitext-Zahlungsbedingung\" \/><\/span> <\/label><br \/>\n<label> Conditions de livraison<br \/>\n<span class=\"wpcf7-form-control-wrap\" data-name=\"Frei\"><span class=\"wpcf7-form-control wpcf7-checkbox\"><span class=\"wpcf7-list-item first last\"><label><input type=\"checkbox\" name=\"Frei[]\" value=\"gratuite\" \/><span class=\"wpcf7-list-item-label\">gratuite<\/span><\/label><\/span><\/span><\/span><\/label><br \/>\n<label> Commentaire Conditions de livraison<br \/>\n<span class=\"wpcf7-form-control-wrap\" data-name=\"Freitext-Lieferkondition\"><input size=\"40\" maxlength=\"400\" class=\"wpcf7-form-control wpcf7-text\" aria-invalid=\"false\" value=\"\" type=\"text\" name=\"Freitext-Lieferkondition\" \/><\/span> <\/label><br \/>\n<label> Licence d\u2019\u00e9tablissement (extrait du registre du commerce) (Max 10 MB)<span class=\"contact_form_mandatory\">*<\/span><br \/>\n<span class=\"wpcf7-form-control-wrap\" data-name=\"Gewerbenachweis\"><input size=\"40\" class=\"wpcf7-form-control wpcf7-file wpcf7-validates-as-required\" accept=\".pdf\" aria-required=\"true\" aria-invalid=\"false\" type=\"file\" name=\"Gewerbenachweis\" \/><\/span><\/label><br \/>\n<label> Preuve d\u2019identification \u00e0 la TVA (Max 10 MB)<span class=\"contact_form_mandatory\">*<\/span><br \/>\n<span class=\"wpcf7-form-control-wrap\" data-name=\"Umsatzsteuernachweis\"><input size=\"40\" class=\"wpcf7-form-control wpcf7-file wpcf7-validates-as-required\" accept=\".pdf\" aria-required=\"true\" aria-invalid=\"false\" type=\"file\" name=\"Umsatzsteuernachweis\" \/><\/span><\/label><br \/>\n<label> <a href=\"https:\/\/www.imcopex.com\/allgemeine-einkaufsbedingungen\/\" target=\"_blank\">Termes et conditions<\/a><span class=\"contact_form_mandatory\">*<\/span><br \/>\n<span class=\"wpcf7-form-control-wrap\" data-name=\"AGB\"><span class=\"wpcf7-form-control wpcf7-checkbox wpcf7-validates-as-required\"><span class=\"wpcf7-list-item first last\"><label><input type=\"checkbox\" name=\"AGB[]\" value=\"Accepter\" \/><span class=\"wpcf7-list-item-label\">Accepter<\/span><\/label><\/span><\/span><\/span><\/label>\n<\/p>\n<p><span class=\"contact_form_mandatory\">*Obligatoire<\/span>\n<\/p>\n<p><input class=\"wpcf7-form-control wpcf7-submit has-spinner\" type=\"submit\" value=\"Envoyer\" \/>\n<\/p><div class=\"wpcf7-response-output\" aria-hidden=\"true\"><\/div>\n<\/form>\n<\/div>\n\n","protected":false},"excerpt":{"rendered":"<p>Devenir fournisseur<\/p>\n","protected":false},"author":1,"featured_media":0,"parent":0,"menu_order":0,"comment_status":"closed","ping_status":"closed","template":"","meta":{"footnotes":""},"class_list":["post-8925","page","type-page","status-publish","hentry"],"aioseo_notices":[],"_links":{"self":[{"href":"https:\/\/www.imcopex.com\/fr\/wp-json\/wp\/v2\/pages\/8925","targetHints":{"allow":["GET"]}}],"collection":[{"href":"https:\/\/www.imcopex.com\/fr\/wp-json\/wp\/v2\/pages"}],"about":[{"href":"https:\/\/www.imcopex.com\/fr\/wp-json\/wp\/v2\/types\/page"}],"author":[{"embeddable":true,"href":"https:\/\/www.imcopex.com\/fr\/wp-json\/wp\/v2\/users\/1"}],"replies":[{"embeddable":true,"href":"https:\/\/www.imcopex.com\/fr\/wp-json\/wp\/v2\/comments?post=8925"}],"version-history":[{"count":1,"href":"https:\/\/www.imcopex.com\/fr\/wp-json\/wp\/v2\/pages\/8925\/revisions"}],"predecessor-version":[{"id":8926,"href":"https:\/\/www.imcopex.com\/fr\/wp-json\/wp\/v2\/pages\/8925\/revisions\/8926"}],"wp:attachment":[{"href":"https:\/\/www.imcopex.com\/fr\/wp-json\/wp\/v2\/media?parent=8925"}],"curies":[{"name":"wp","href":"https:\/\/api.w.org\/{rel}","templated":true}]}}