{"id":1701,"date":"2020-11-06T11:17:43","date_gmt":"2020-11-06T10:17:43","guid":{"rendered":"https:\/\/www.imcopex.com\/condizioni-di-utilizzo\/"},"modified":"2021-08-12T08:48:30","modified_gmt":"2021-08-12T06:48:30","slug":"condizioni-di-utilizzo","status":"publish","type":"page","link":"https:\/\/www.imcopex.com\/it\/condizioni-di-utilizzo\/","title":{"rendered":"Condizioni di utilizzo"},"content":{"rendered":"\t\t<div data-elementor-type=\"wp-page\" data-elementor-id=\"1701\" class=\"elementor elementor-1701 elementor-31\" data-elementor-post-type=\"page\">\n\t\t\t\t\t\t<section class=\"elementor-section elementor-top-section elementor-element elementor-element-cb739fd elementor-section-full_width elementor-section-height-default elementor-section-height-default\" data-id=\"cb739fd\" data-element_type=\"section\" data-e-type=\"section\">\n\t\t\t\t\t\t<div class=\"elementor-container elementor-column-gap-default\">\n\t\t\t\t\t<div class=\"elementor-column elementor-col-100 elementor-top-column elementor-element elementor-element-921c49c\" data-id=\"921c49c\" data-element_type=\"column\" data-e-type=\"column\">\n\t\t\t<div class=\"elementor-widget-wrap elementor-element-populated\">\n\t\t\t\t\t\t<div class=\"elementor-element elementor-element-85c9bfa elementor-widget elementor-widget-slider_revolution\" data-id=\"85c9bfa\" data-element_type=\"widget\" data-e-type=\"widget\" data-widget_type=\"slider_revolution.default\">\n\t\t\t\t<div class=\"elementor-widget-container\">\n\t\t\t\t\t\n\t\t<div class=\"wp-block-themepunch-revslider\">\n\t\t\t<!-- START \u00dcber uns REVOLUTION SLIDER 6.7.23 --><p class=\"rs-p-wp-fix\"><\/p>\n\t\t\t<rs-module-wrap id=\"rev_slider_4_1_wrapper\" data-source=\"gallery\" style=\"visibility:hidden;background:transparent;padding:0;margin:0px auto;margin-top:0;margin-bottom:0;\">\n\t\t\t\t<rs-module id=\"rev_slider_4_1\" style=\"\" data-version=\"6.7.23\">\n\t\t\t\t\t<rs-slides style=\"overflow: hidden; position: absolute;\">\n\t\t\t\t\t\t<rs-slide style=\"position: absolute;\" data-key=\"rs-4\" data-title=\"Slide\" data-anim=\"ms:1000;r:0;\" data-in=\"o:0;\" data-out=\"a:false;\">\n\t\t\t\t\t\t\t<img decoding=\"async\" src=\"\/\/www.imcopex.com\/wp-content\/plugins\/revslider\/sr6\/assets\/assets\/dummy.png\" alt=\"Slide\" title=\"Condizioni di utilizzo\" class=\"rev-slidebg tp-rs-img rs-lazyload\" data-lazyload=\"\/\/www.imcopex.com\/wp-content\/plugins\/revslider\/sr6\/assets\/assets\/transparent.png\" data-no-retina>\n<!--\n\t\t\t\t\t\t\t--><rs-layer\n\t\t\t\t\t\t\t\tid=\"slider-4-slide-4-layer-0\" \n\t\t\t\t\t\t\t\tdata-type=\"image\"\n\t\t\t\t\t\t\t\tdata-rsp_ch=\"on\"\n\t\t\t\t\t\t\t\tdata-xy=\"xo:1px,1px,1px,-161px;yo:-2px,-2px,-2px,1px;\"\n\t\t\t\t\t\t\t\tdata-text=\"w:normal;s:20,20,20,4;l:0,0,0,6;\"\n\t\t\t\t\t\t\t\tdata-dim=\"w:1919px,1919px,1919px,960px;h:500px,500px,500px,250px;\"\n\t\t\t\t\t\t\t\tdata-frame_999=\"o:0;st:w;\"\n\t\t\t\t\t\t\t\tstyle=\"z-index:5;\"\n\t\t\t\t\t\t\t><img fetchpriority=\"high\" decoding=\"async\" src=\"\/\/www.imcopex.com\/wp-content\/plugins\/revslider\/sr6\/assets\/assets\/dummy.png\" alt=\"\" class=\"tp-rs-img rs-lazyload\" width=\"1920\" height=\"500\" data-lazyload=\"\/\/www.imcopex.com\/wp-content\/uploads\/2020\/08\/imcopex_gmbh.jpg\" data-no-retina> \n\t\t\t\t\t\t\t<\/rs-layer><!--\n-->\t\t\t\t\t<\/rs-slide>\n\t\t\t\t\t<\/rs-slides>\n\t\t\t\t<\/rs-module>\n\t\t\t\t<script>\n\t\t\t\t\tsetREVStartSize({c: 'rev_slider_4_1',rl:[1240,1240,1240,770],el:[500,500,500,250],gw:[1920,1920,1920,480],gh:[500,500,500,250],type:'standard',justify:'',layout:'fullwidth',mh:\"0\"});if (window.RS_MODULES!==undefined && window.RS_MODULES.modules!==undefined && window.RS_MODULES.modules[\"revslider41\"]!==undefined) {window.RS_MODULES.modules[\"revslider41\"].once = false;window.revapi4 = undefined;if (window.RS_MODULES.checkMinimal!==undefined) window.RS_MODULES.checkMinimal()}\n\t\t\t\t<\/script>\n\t\t\t<\/rs-module-wrap>\n\t\t\t<!-- END REVOLUTION SLIDER -->\n<\/div>\n\n\t\t\t\t\t\t<\/div>\n\t\t\t\t<\/div>\n\t\t\t\t\t<\/div>\n\t\t<\/div>\n\t\t\t\t\t<\/div>\n\t\t<\/section>\n\t\t\t\t<section class=\"elementor-section elementor-top-section elementor-element elementor-element-5eec93e elementor-section-boxed elementor-section-height-default elementor-section-height-default\" data-id=\"5eec93e\" data-element_type=\"section\" data-e-type=\"section\">\n\t\t\t\t\t\t<div class=\"elementor-container elementor-column-gap-default\">\n\t\t\t\t\t<div class=\"elementor-column elementor-col-100 elementor-top-column elementor-element elementor-element-1fed003\" data-id=\"1fed003\" data-element_type=\"column\" data-e-type=\"column\">\n\t\t\t<div class=\"elementor-widget-wrap elementor-element-populated\">\n\t\t\t\t\t\t<div class=\"elementor-element elementor-element-b5c1f98 elementor-widget elementor-widget-spacer\" data-id=\"b5c1f98\" data-element_type=\"widget\" data-e-type=\"widget\" data-widget_type=\"spacer.default\">\n\t\t\t\t<div class=\"elementor-widget-container\">\n\t\t\t\t\t\t\t<div class=\"elementor-spacer\">\n\t\t\t<div class=\"elementor-spacer-inner\"><\/div>\n\t\t<\/div>\n\t\t\t\t\t\t<\/div>\n\t\t\t\t<\/div>\n\t\t\t\t<div class=\"elementor-element elementor-element-c100790 elementor-widget elementor-widget-heading\" data-id=\"c100790\" data-element_type=\"widget\" data-e-type=\"widget\" data-widget_type=\"heading.default\">\n\t\t\t\t<div class=\"elementor-widget-container\">\n\t\t\t\t\t<h2 class=\"elementor-heading-title elementor-size-default\">Condizioni di utilizzo<\/h2>\t\t\t\t<\/div>\n\t\t\t\t<\/div>\n\t\t\t\t\t<\/div>\n\t\t<\/div>\n\t\t\t\t\t<\/div>\n\t\t<\/section>\n\t\t\t\t<section class=\"elementor-section elementor-top-section elementor-element elementor-element-de3e657 elementor-section-boxed elementor-section-height-default elementor-section-height-default\" data-id=\"de3e657\" data-element_type=\"section\" data-e-type=\"section\">\n\t\t\t\t\t\t<div class=\"elementor-container elementor-column-gap-default\">\n\t\t\t\t\t<div class=\"elementor-column elementor-col-100 elementor-top-column elementor-element elementor-element-cc117e4\" data-id=\"cc117e4\" data-element_type=\"column\" data-e-type=\"column\">\n\t\t\t<div class=\"elementor-widget-wrap elementor-element-populated\">\n\t\t\t\t\t\t<div class=\"elementor-element elementor-element-ea726bf elementor-widget elementor-widget-text-editor\" data-id=\"ea726bf\" data-element_type=\"widget\" data-e-type=\"widget\" data-widget_type=\"text-editor.default\">\n\t\t\t\t<div class=\"elementor-widget-container\">\n\t\t\t\t\t\t\t\t\t<p>La imcopex GmbH si impegna ad aggiornare regolarmente le informazioni sui propri siti web. Tuttavia, nonostante tutte le precauzioni, i dati potrebbero essere cambiati nel frattempo. Non si pu\u00f2 pertanto assumere alcuna responsabilit\u00e0 o garanzia per l&#8217;attualit\u00e0, la correttezza e la completezza delle informazioni. <span style=\"font-size: 16px; color: var( --e-global-color-text );\">Lo stesso vale per tutti gli altri siti web a cui si fa riferimento tramite collegamento ipertestuale. La imcopex GmbH non \u00e8 responsabile del contenuto di questi siti.<\/span><\/p>\n<p><span style=\"font-size: 16px; color: var( --e-global-color-text );\"> <\/span><\/p>\n<p>La imcopex GmbH \u00e8 proprietaria dei diritti d&#8217;autore e di altri diritti di protezione di tutti i siti web, inclusi il layout e i contenuti, a meno che non si faccia riferimento ad altri fornitori, produttori o proprietari di marchi. \u00c8 vietato richiamare, copiare, salvare, modificare o rielaborare le pagine web per uso commerciale o utilizzare i loro contenuti o risultati in tutto o in parte per scopi commerciali. <span style=\"font-size: 16px; color: var( --e-global-color-text );\">Le note di copyright e i nomi dei marchi non possono essere modificati o rimossi. Per tutte le altre azioni \u00e8 necessario il previo consenso scritto di imcopex GmbH.<\/span><\/p>\n<p>Le informazioni possono essere richiamate solo in modo da non compromettere l&#8217;utilizzo dell&#8217;offerta imcopex online da parte di altri visitatori.<\/p>\n<\/p>\n<p>I nostri siti web possono contenere link a siti web di altre aziende. Non siamo responsabili dei contenuti o delle precauzioni per la protezione dei dati (vedi anche le nostre norme sulla protezione dei dati) di siti web esterni che pu\u00f2 raggiungere tramite questi link. Si prega di informarsi l\u00ec sulla <span style=\"font-size: 16px; color: var( --e-global-color-text );\">protezione dei dati<\/span>.<\/p>\n\t\t\t\t\t\t\t\t<\/div>\n\t\t\t\t<\/div>\n\t\t\t\t<div class=\"elementor-element elementor-element-fda514c elementor-widget elementor-widget-spacer\" data-id=\"fda514c\" data-element_type=\"widget\" data-e-type=\"widget\" data-widget_type=\"spacer.default\">\n\t\t\t\t<div class=\"elementor-widget-container\">\n\t\t\t\t\t\t\t<div class=\"elementor-spacer\">\n\t\t\t<div class=\"elementor-spacer-inner\"><\/div>\n\t\t<\/div>\n\t\t\t\t\t\t<\/div>\n\t\t\t\t<\/div>\n\t\t\t\t\t<\/div>\n\t\t<\/div>\n\t\t\t\t\t<\/div>\n\t\t<\/section>\n\t\t\t\t<\/div>\n\t\t","protected":false},"excerpt":{"rendered":"<p>Condizioni di utilizzo La imcopex GmbH si impegna ad aggiornare regolarmente le informazioni sui propri siti web. Tuttavia, nonostante tutte le precauzioni, i dati potrebbero essere cambiati nel frattempo. Non si pu\u00f2 pertanto assumere alcuna responsabilit\u00e0 o garanzia per l&#8217;attualit\u00e0, la correttezza e la completezza delle informazioni. Lo stesso vale [&hellip;]<\/p>\n","protected":false},"author":1,"featured_media":0,"parent":0,"menu_order":0,"comment_status":"closed","ping_status":"closed","template":"elementor_header_footer","meta":{"footnotes":""},"class_list":["post-1701","page","type-page","status-publish","hentry"],"aioseo_notices":[],"_links":{"self":[{"href":"https:\/\/www.imcopex.com\/it\/wp-json\/wp\/v2\/pages\/1701","targetHints":{"allow":["GET"]}}],"collection":[{"href":"https:\/\/www.imcopex.com\/it\/wp-json\/wp\/v2\/pages"}],"about":[{"href":"https:\/\/www.imcopex.com\/it\/wp-json\/wp\/v2\/types\/page"}],"author":[{"embeddable":true,"href":"https:\/\/www.imcopex.com\/it\/wp-json\/wp\/v2\/users\/1"}],"replies":[{"embeddable":true,"href":"https:\/\/www.imcopex.com\/it\/wp-json\/wp\/v2\/comments?post=1701"}],"version-history":[{"count":16,"href":"https:\/\/www.imcopex.com\/it\/wp-json\/wp\/v2\/pages\/1701\/revisions"}],"predecessor-version":[{"id":3278,"href":"https:\/\/www.imcopex.com\/it\/wp-json\/wp\/v2\/pages\/1701\/revisions\/3278"}],"wp:attachment":[{"href":"https:\/\/www.imcopex.com\/it\/wp-json\/wp\/v2\/media?parent=1701"}],"curies":[{"name":"wp","href":"https:\/\/api.w.org\/{rel}","templated":true}]}}